{"id":891,"date":"2019-07-10T12:19:07","date_gmt":"2019-07-10T15:19:07","guid":{"rendered":"http:\/\/mpf.jusentrerios.gov.ar\/?page_id=891"},"modified":"2020-01-02T08:32:02","modified_gmt":"2020-01-02T11:32:02","slug":"noticias","status":"publish","type":"page","link":"https:\/\/mpf.jusentrerios.gov.ar\/?page_id=891","title":{"rendered":"Noticias"},"content":{"rendered":"      <div id=\"post-grid-lazy-889\" class=\"post-grid-lazy\"><img alt=\"\" src=\"http:\/\/mpf.jusentrerios.gov.ar\/wp-content\/plugins\/post-grid\/assets\/admin\/gif\/ajax-loader-1.gif\" \/><\/div>\n    <script>\n      jQuery('#post-grid-lazy-889').ready(function($) {\n        $('#post-grid-lazy-889').fadeOut();\n        $('#post-grid-889   ').fadeIn();\n      })\n    <\/script>\n    <style type=\"text\/css\">\n      #post-grid-889 {\n        display: none;\n      }\n\n      .post-grid-lazy {\n        text-align: center;\n      }\n    <\/style>\n    <div data-options='{&quot;id&quot;:&quot;889&quot;,&quot;lazy_load&quot;:&quot;yes&quot;,&quot;masonry_enable&quot;:&quot;no&quot;,&quot;view_type&quot;:&quot;grid&quot;}' id=\"post-grid-889\" class=\"post-grid grid\">\n        <div class=\"grid-items\">\n      <div class=\"item item-3184 skin flat even 0 \">\n        <div class=\"layer-wrapper layout-\">\n        <div class=\"layer-media\"><img alt=\"\" src=\"https:\/\/mpf.jusentrerios.gov.ar\/wp-content\/uploads\/2026\/03\/audiencia_ley_glaciares-150x150.png\" \/><\/div>\n  <div class=\"layer-content\">\n        <div class=\"element element_1  post_date \">\n                    25-03-2026            <\/div>\n    <div class=\"element element_0  title \">\n                    <a target=\"\"\n                href=\"https:\/\/mpf.jusentrerios.gov.ar\/?p=3184\">Exposici\u00f3n del Dr. Jorge Barraguirre, presidente de la Red Argentina de Fiscal\u00edas Ambientales en la audiencia p\u00fablica por la modificaci\u00f3n...<\/a>\n            <\/div>\n    <div class=\"element element_2  excerpt \">\n        Ver esta publicaci\u00f3n en Instagram Una publicaci\u00f3n compartida por Rafa Fiscaliasambientales (@rafaambientalarg)            <\/div>\n            <a class=\"element element_3  read_more \"\n            target=\"\"\n            href=\"https:\/\/mpf.jusentrerios.gov.ar\/?p=3184\"><\/a>\n      <\/div>\n    <\/div>\n  <\/div><div class=\"item item-3176 skin flat odd 1 \">\n        <div class=\"layer-wrapper layout-\">\n        <div class=\"layer-media\"><img alt=\"\" src=\"https:\/\/mpf.jusentrerios.gov.ar\/wp-content\/uploads\/2026\/03\/goyeneche-150x150.jpg\" \/><\/div>\n  <div class=\"layer-content\">\n        <div class=\"element element_1  post_date \">\n                    07-03-2026            <\/div>\n    <div class=\"element element_0  title \">\n                    <a target=\"\"\n                href=\"https:\/\/mpf.jusentrerios.gov.ar\/?p=3176\">Por m\u00e1s fiscales independientes<\/a>\n            <\/div>\n    <div class=\"element element_2  excerpt \">\n        La exfiscal anticorrupci\u00f3n de Entre R\u00edos Cecilia Goyeneche ha sido repuesta en su cargo luego de cuatro a\u00f1os y tres            <\/div>\n            <a class=\"element element_3  read_more \"\n            target=\"\"\n            href=\"https:\/\/mpf.jusentrerios.gov.ar\/?p=3176\"><\/a>\n      <\/div>\n    <\/div>\n  <\/div><div class=\"item item-3164 skin flat even 2 \">\n        <div class=\"layer-wrapper layout-\">\n        <div class=\"layer-media\"><img alt=\"\" src=\"https:\/\/mpf.jusentrerios.gov.ar\/wp-content\/uploads\/2025\/12\/pdf_image-150x150.jpg\" \/><\/div>\n  <div class=\"layer-content\">\n        <div class=\"element element_1  post_date \">\n                    27-02-2026            <\/div>\n    <div class=\"element element_0  title \">\n                    <a target=\"\"\n                href=\"https:\/\/mpf.jusentrerios.gov.ar\/?p=3164\">Se dispuso la nulidad de la destituci\u00f3n de la Dra. Goyeneche<\/a>\n            <\/div>\n    <div class=\"element element_2  excerpt \">\n                    <\/div>\n            <a class=\"element element_3  read_more \"\n            target=\"\"\n            href=\"https:\/\/mpf.jusentrerios.gov.ar\/?p=3164\"><\/a>\n      <\/div>\n    <\/div>\n  <\/div><div class=\"item item-3160 skin flat odd 3 \">\n        <div class=\"layer-wrapper layout-\">\n        <div class=\"layer-media\"><img alt=\"\" src=\"https:\/\/mpf.jusentrerios.gov.ar\/wp-content\/uploads\/2025\/12\/pdf_image-150x150.jpg\" \/><\/div>\n  <div class=\"layer-content\">\n        <div class=\"element element_1  post_date \">\n                    25-02-2026            <\/div>\n    <div class=\"element element_0  title \">\n                    <a target=\"\"\n                href=\"https:\/\/mpf.jusentrerios.gov.ar\/?p=3160\">Convocatoria a Concurso Cerrado para cubrir un cargo vacante de Oficial Mayor en la Unidad Fiscal de Concordia<\/a>\n            <\/div>\n    <div class=\"element element_2  excerpt \">\n                    <\/div>\n            <a class=\"element element_3  read_more \"\n            target=\"\"\n            href=\"https:\/\/mpf.jusentrerios.gov.ar\/?p=3160\"><\/a>\n      <\/div>\n    <\/div>\n  <\/div><div class=\"item item-3155 skin flat even 4 \">\n        <div class=\"layer-wrapper layout-\">\n        <div class=\"layer-media\"><img alt=\"\" src=\"https:\/\/mpf.jusentrerios.gov.ar\/wp-content\/uploads\/2025\/12\/pdf_image-150x150.jpg\" \/><\/div>\n  <div class=\"layer-content\">\n        <div class=\"element element_1  post_date \">\n                    30-12-2025            <\/div>\n    <div class=\"element element_0  title \">\n                    <a target=\"\"\n                href=\"https:\/\/mpf.jusentrerios.gov.ar\/?p=3155\">N\u00f3mina Feria Judicial - Enero 2026<\/a>\n            <\/div>\n    <div class=\"element element_2  excerpt \">\n                    <\/div>\n            <a class=\"element element_3  read_more \"\n            target=\"\"\n            href=\"https:\/\/mpf.jusentrerios.gov.ar\/?p=3155\"><\/a>\n      <\/div>\n    <\/div>\n  <\/div><div class=\"item item-3121 skin flat odd 5 \">\n        <div class=\"layer-wrapper layout-\">\n        <div class=\"layer-media\"><img alt=\"\" src=\"https:\/\/mpf.jusentrerios.gov.ar\/wp-content\/uploads\/2025\/12\/jura5-150x150.jpeg\" \/><\/div>\n  <div class=\"layer-content\">\n        <div class=\"element element_1  post_date \">\n                    20-12-2025            <\/div>\n    <div class=\"element element_0  title \">\n                    <a target=\"\"\n                href=\"https:\/\/mpf.jusentrerios.gov.ar\/?p=3121\">Jura de fiscales auxiliares en la provincia<\/a>\n            <\/div>\n    <div class=\"element element_2  excerpt \">\n        Se realiz\u00f3 ayer el acto de juramento y toma de posesi\u00f3n de 34 fiscales auxiliares del Ministerio P\u00fablico Fiscal de            <\/div>\n            <a class=\"element element_3  read_more \"\n            target=\"\"\n            href=\"https:\/\/mpf.jusentrerios.gov.ar\/?p=3121\"><\/a>\n      <\/div>\n    <\/div>\n  <\/div><div class=\"item item-3114 skin flat even 6 \">\n        <div class=\"layer-wrapper layout-\">\n        <div class=\"layer-media\"><img alt=\"\" src=\"https:\/\/mpf.jusentrerios.gov.ar\/wp-content\/uploads\/2025\/12\/pdf_image-150x150.jpg\" \/><\/div>\n  <div class=\"layer-content\">\n        <div class=\"element element_1  post_date \">\n                    08-12-2025            <\/div>\n    <div class=\"element element_0  title \">\n                    <a target=\"\"\n                href=\"https:\/\/mpf.jusentrerios.gov.ar\/?p=3114\">RIVAS GUSTAVO. S\/ ACCION DE REVISION<\/a>\n            <\/div>\n    <div class=\"element element_2  excerpt \">\n                    <\/div>\n            <a class=\"element element_3  read_more \"\n            target=\"\"\n            href=\"https:\/\/mpf.jusentrerios.gov.ar\/?p=3114\"><\/a>\n      <\/div>\n    <\/div>\n  <\/div><div class=\"item item-3108 skin flat odd 7 \">\n        <div class=\"layer-wrapper layout-\">\n        <div class=\"layer-media\"><img alt=\"\" src=\"https:\/\/mpf.jusentrerios.gov.ar\/wp-content\/uploads\/2025\/12\/img1-1-150x150.jpeg\" \/><\/div>\n  <div class=\"layer-content\">\n        <div class=\"element element_1  post_date \">\n                    01-12-2025            <\/div>\n    <div class=\"element element_0  title \">\n                    <a target=\"\"\n                href=\"https:\/\/mpf.jusentrerios.gov.ar\/?p=3108\">Reuni\u00f3n Anual del Ministerio P\u00fablico Fiscal \u2013 Edici\u00f3n 2025<\/a>\n            <\/div>\n    <div class=\"element element_2  excerpt \">\n        En el Encuentro Anual del Ministerio P\u00fablico Fiscal de Entre R\u00edos, organizado por la Asociaci\u00f3n de la Magistratura y la            <\/div>\n            <a class=\"element element_3  read_more \"\n            target=\"\"\n            href=\"https:\/\/mpf.jusentrerios.gov.ar\/?p=3108\"><\/a>\n      <\/div>\n    <\/div>\n  <\/div><div class=\"item item-3096 skin flat even 8 \">\n        <div class=\"layer-wrapper layout-\">\n        <div class=\"layer-media\"><img alt=\"\" src=\"https:\/\/mpf.jusentrerios.gov.ar\/wp-content\/uploads\/2025\/11\/jornadas_de_genero1-150x150.jpeg\" \/><\/div>\n  <div class=\"layer-content\">\n        <div class=\"element element_1  post_date \">\n                    26-11-2025            <\/div>\n    <div class=\"element element_0  title \">\n                    <a target=\"\"\n                href=\"https:\/\/mpf.jusentrerios.gov.ar\/?p=3096\">XIII Jornadas Internacionales de Violencia de G\u00e9nero y Delitos Conexos<\/a>\n            <\/div>\n    <div class=\"element element_2  excerpt \">\n        La ciudad de Ushuaia fue sede de las XIII Jornadas Internacionales de Violencia de G\u00e9nero y Delitos Conexos, que se            <\/div>\n            <a class=\"element element_3  read_more \"\n            target=\"\"\n            href=\"https:\/\/mpf.jusentrerios.gov.ar\/?p=3096\"><\/a>\n      <\/div>\n    <\/div>\n  <\/div><div class=\"item item-3093 skin flat odd 9 \">\n        <div class=\"layer-wrapper layout-\">\n        <div class=\"layer-media\"><img alt=\"\" src=\"https:\/\/mpf.jusentrerios.gov.ar\/wp-content\/uploads\/2025\/12\/pdf_image-150x150.jpg\" \/><\/div>\n  <div class=\"layer-content\">\n        <div class=\"element element_1  post_date \">\n                    24-11-2025            <\/div>\n    <div class=\"element element_0  title \">\n                    <a target=\"\"\n                href=\"https:\/\/mpf.jusentrerios.gov.ar\/?p=3093\">Dictamen del Procurador General \u2013 WAGNER, Sebasti\u00e1n Jos\u00e9 Luis, PAV\u00d3N, N\u00e9stor Roberto, OTERO Gabriel Ignacio - Abuso sexual con acceso...<\/a>\n            <\/div>\n    <div class=\"element element_2  excerpt \">\n                    <\/div>\n            <a class=\"element element_3  read_more \"\n            target=\"\"\n            href=\"https:\/\/mpf.jusentrerios.gov.ar\/?p=3093\"><\/a>\n      <\/div>\n    <\/div>\n  <\/div>    <\/div>\n    <div class=\"pagination\">\n      <div class=\"paginate\">\n    <span aria-current=\"page\" class=\"page-numbers current\">1<\/span>\n<a class=\"page-numbers\" href=\"https:\/\/mpf.jusentrerios.gov.ar\/index.php?rest_route=%2Fwp%2Fv2%2Fpages%2F891&#038;paged=2\">2<\/a>\n<a class=\"page-numbers\" href=\"https:\/\/mpf.jusentrerios.gov.ar\/index.php?rest_route=%2Fwp%2Fv2%2Fpages%2F891&#038;paged=3\">3<\/a>\n<span class=\"page-numbers dots\">&hellip;<\/span>\n<a class=\"page-numbers\" href=\"https:\/\/mpf.jusentrerios.gov.ar\/index.php?rest_route=%2Fwp%2Fv2%2Fpages%2F891&#038;paged=14\">14<\/a>\n<a class=\"next page-numbers\" href=\"https:\/\/mpf.jusentrerios.gov.ar\/index.php?rest_route=%2Fwp%2Fv2%2Fpages%2F891&#038;paged=2\">Siguiente \u00bb<\/a>  <\/div>\n  <style type=\"text\/css\">\n    #post-grid-889 .pagination .page-numbers {\n      font-size: 16px;\n      color: #fff;\n      background: #646464;\n    }\n\n    #post-grid-889 .pagination .page-numbers:hover,\n    #post-grid-889 .pagination .page-numbers.current {\n      background: #4b4b4b;\n    }\n  <\/style>\n  <\/div>\n      <script>\n          <\/script>\n    <style type=\"text\/css\">\n    #post-grid-889 .element_1 {\n      display: block;font-size: 13px;line-height: normal;padding: 5px 10px;text-align: left;    }\n\n    #post-grid-889 .element_0 {\n      display: block;font-size: 21px;line-height: normal;padding: 5px 10px;text-align: left;    }\n\n    #post-grid-889 .element_2 {\n      display: block;font-size: 12px;padding: 5px 10px;text-align: left;    }\n\n    #post-grid-889 .element_3 {\n      display: block;font-size: 12px;font-weight: bold;padding: 0 10px;text-align: left;    }\n\n    #post-grid-889 .element_1:hover{}#post-grid-889 .element_0:hover{}#post-grid-889 .element_2:hover{}#post-grid-889 .element_3:hover{}  <\/style>\n  <style type=\"text\/css\">\n    #post-grid-889 {\n      padding: 10px;\n          }\n\n    #post-grid-889 .item {\n      padding: 0px;\n      background: #fff;\n          }\n\n    #post-grid-889 .item .layer-media {\n      height:auto;    }\n\n    @media only screen and (min-width: 0px) and (max-width: 767px) {\n      #post-grid-889 .grid-items {\n        text-align: center;\n              }\n\n      #post-grid-889 .item {\n        width: 90%;\n        margin: 10px;\n        display: inline-block;\n        vertical-align: top;\n        height:auto;      }\n    }\n\n    @media only screen and (min-width: 768px) and (max-width: 1023px) {\n      #post-grid-889 .grid-items {\n        text-align: center;\n              }\n\n      #post-grid-889 .item {\n        width: 280px;\n        margin: 10px;\n        display: inline-block;\n        vertical-align: top;\n        max-height:auto;      }\n    }\n\n    @media only screen and (min-width: 1024px) {\n      #post-grid-889 .grid-items {\n        text-align: center;\n              }\n\n      #post-grid-889 .item {\n        width: 280px;\n        display: inline-block;\n        margin: 10px;\n        vertical-align: top;\n        height:auto;      }\n    }\n\n      <\/style>\n  <\/div>\n\n","protected":false},"excerpt":{"rendered":"<div class=\"slide-text-bg2\"><span><\/span><\/div>\n","protected":false},"author":1,"featured_media":0,"parent":0,"menu_order":0,"comment_status":"closed","ping_status":"closed","template":"fullwidth.php","meta":[],"_links":{"self":[{"href":"https:\/\/mpf.jusentrerios.gov.ar\/index.php?rest_route=\/wp\/v2\/pages\/891"}],"collection":[{"href":"https:\/\/mpf.jusentrerios.gov.ar\/index.php?rest_route=\/wp\/v2\/pages"}],"about":[{"href":"https:\/\/mpf.jusentrerios.gov.ar\/index.php?rest_route=\/wp\/v2\/types\/page"}],"author":[{"embeddable":true,"href":"https:\/\/mpf.jusentrerios.gov.ar\/index.php?rest_route=\/wp\/v2\/users\/1"}],"replies":[{"embeddable":true,"href":"https:\/\/mpf.jusentrerios.gov.ar\/index.php?rest_route=%2Fwp%2Fv2%2Fcomments&post=891"}],"version-history":[{"count":0,"href":"https:\/\/mpf.jusentrerios.gov.ar\/index.php?rest_route=\/wp\/v2\/pages\/891\/revisions"}],"wp:attachment":[{"href":"https:\/\/mpf.jusentrerios.gov.ar\/index.php?rest_route=%2Fwp%2Fv2%2Fmedia&parent=891"}],"curies":[{"name":"wp","href":"https:\/\/api.w.org\/{rel}","templated":true}]}}