{"id":81,"date":"2018-04-10T14:55:48","date_gmt":"2018-04-10T14:55:48","guid":{"rendered":"http:\/\/localhost\/?page_id=81"},"modified":"2020-01-02T08:32:02","modified_gmt":"2020-01-02T11:32:02","slug":"preguntas-frecuentes","status":"publish","type":"page","link":"https:\/\/mpf.jusentrerios.gov.ar\/?page_id=81","title":{"rendered":"Preguntas Frecuentes"},"content":{"rendered":"<div id=\"pl-81\"  class=\"panel-layout\" ><div id=\"pg-81-0\"  class=\"panel-grid panel-no-style\" ><div id=\"pgc-81-0-0\"  class=\"panel-grid-cell\" ><div id=\"panel-81-0-0-0\" class=\"so-panel widget panel-first-child panel-last-child\" data-index=\"0\" ><\/div><\/div><\/div><\/div>","protected":false},"excerpt":{"rendered":"<div class=\"slide-text-bg2\"><span>+ \u00bfQU\u00c9 DEBO HACER SI FUI V\u00cdCTIMA O TESTIGO DE UN DELITO? Toda persona que tenga conocimiento de un delito de acci\u00f3n p\u00fablica podr\u00e1 denunciarlo ante el<\/span><\/div>\n<div class=\"slide-btn-area-sm\"><a href=\"https:\/\/mpf.jusentrerios.gov.ar\/?page_id=81\" class=\"slide-btn-sm\">Leer m\u00e1s<\/a><\/div>\n","protected":false},"author":1,"featured_media":0,"parent":0,"menu_order":0,"comment_status":"closed","ping_status":"closed","template":"fullwidth.php","meta":[],"_links":{"self":[{"href":"https:\/\/mpf.jusentrerios.gov.ar\/index.php?rest_route=\/wp\/v2\/pages\/81"}],"collection":[{"href":"https:\/\/mpf.jusentrerios.gov.ar\/index.php?rest_route=\/wp\/v2\/pages"}],"about":[{"href":"https:\/\/mpf.jusentrerios.gov.ar\/index.php?rest_route=\/wp\/v2\/types\/page"}],"author":[{"embeddable":true,"href":"https:\/\/mpf.jusentrerios.gov.ar\/index.php?rest_route=\/wp\/v2\/users\/1"}],"replies":[{"embeddable":true,"href":"https:\/\/mpf.jusentrerios.gov.ar\/index.php?rest_route=%2Fwp%2Fv2%2Fcomments&post=81"}],"version-history":[{"count":0,"href":"https:\/\/mpf.jusentrerios.gov.ar\/index.php?rest_route=\/wp\/v2\/pages\/81\/revisions"}],"wp:attachment":[{"href":"https:\/\/mpf.jusentrerios.gov.ar\/index.php?rest_route=%2Fwp%2Fv2%2Fmedia&parent=81"}],"curies":[{"name":"wp","href":"https:\/\/api.w.org\/{rel}","templated":true}]}}