{"id":62,"date":"2018-04-10T14:19:44","date_gmt":"2018-04-10T14:19:44","guid":{"rendered":"http:\/\/localhost\/?page_id=62"},"modified":"2021-04-06T10:15:54","modified_gmt":"2021-04-06T13:15:54","slug":"sobre-nosotros","status":"publish","type":"page","link":"https:\/\/mpf.jusentrerios.gov.ar\/?page_id=62","title":{"rendered":"Sobre Nosotros"},"content":{"rendered":"<div id=\"pl-62\"  class=\"panel-layout\" ><div id=\"pg-62-0\"  class=\"panel-grid panel-no-style\" ><div id=\"pgc-62-0-0\"  class=\"panel-grid-cell\" ><div id=\"panel-62-0-0-0\" class=\"widget_text so-panel widget widget_custom_html panel-first-child panel-last-child\" data-index=\"0\" ><div class=\"textwidget custom-html-widget\"><img src=\"..\/wp-content\/uploads\/portada\/frente.jpg\">\n\n\n<\/div><\/div><\/div><div id=\"pgc-62-0-1\"  class=\"panel-grid-cell\" ><div id=\"panel-62-0-1-0\" class=\"so-panel widget panel-first-child panel-last-child\" data-index=\"1\" ><\/div><\/div><\/div><div id=\"pg-62-1\"  class=\"panel-grid panel-no-style\" ><div id=\"pgc-62-1-0\"  class=\"panel-grid-cell\" ><div id=\"panel-62-1-0-0\" class=\"widget_text so-panel widget widget_custom_html panel-first-child panel-last-child\" data-index=\"2\" ><div class=\"textwidget custom-html-widget\"><h1>Misi\u00f3n del Ministerio P\u00fablico Fiscal:<\/h1>\n<\/br>\n<p style=\"text-align: justify;\">Tiene como misi\u00f3n promover la actuaci\u00f3n de la justicia en defensa de la legalidad, de los derechos de los ciudadanos y del inter\u00e9s p\u00fablico en todas las causas y asuntos que se le imponga. En el caso del Ministerio P\u00fablico Fiscal, ejerce la acci\u00f3n penal p\u00fablica y conduce la investigaci\u00f3n, con arreglo a los principios de legalidad, objetividad, imparcialidad, especialidad, oportunidad, unidad de actuaci\u00f3n y dependencia jer\u00e1rquica. <\/p><\/div><\/div><\/div><\/div><div id=\"pg-62-2\"  class=\"panel-grid panel-no-style\" ><div id=\"pgc-62-2-0\"  class=\"panel-grid-cell\" ><div id=\"panel-62-2-0-0\" class=\"widget_text so-panel widget widget_custom_html panel-first-child panel-last-child\" data-index=\"3\" ><div class=\"textwidget custom-html-widget\">Tiene, respecto a los funcionarios de sus ministerios, la atribuci\u00f3n de cubrir con car\u00e1cter provisorio toda vacante atendiendo, si las hubiere, las n\u00f3minas del Consejo de la Magistratura y hasta que sea cubierta mediante el sistema previsto por esta Constituci\u00f3n. La actuaci\u00f3n y organizaci\u00f3n general ser\u00e1 regulada por la ley, en la que el r\u00e9gimen subrogatorio deber\u00e1 establecerse para que se articule dentro de la estructura respectiva, pudiendo solo excepcionalmente hacerse de otro modo. <a href=\"https:\/\/www.entrerios.gov.ar\/CGE\/normativas\/leyes\/constitucion-de-entre-rios.pdf\" > (Art. 207 - Constituci\u00f3n de la Provincia de Entre R\u00edos). <\/a><\/div><\/div><\/div><\/div><div id=\"pg-62-3\"  class=\"panel-grid panel-no-style\" ><div id=\"pgc-62-3-0\"  class=\"panel-grid-cell\" ><div id=\"panel-62-3-0-0\" class=\"so-panel widget panel-first-child panel-last-child\" data-index=\"4\" ><\/div><\/div><\/div><div id=\"pg-62-4\"  class=\"panel-grid panel-no-style\" ><div id=\"pgc-62-4-0\"  class=\"panel-grid-cell\" ><div id=\"panel-62-4-0-0\" class=\"widget_text so-panel widget widget_custom_html panel-first-child panel-last-child\" data-index=\"5\" ><div class=\"textwidget custom-html-widget\"><ol>\n \t<li> Dise\u00f1ar y ejecutar la persecuci\u00f3n penal de la provincia, fijando prioridades y criterios de investigaci\u00f3n.<\/li>\n \t<li> Ejercer la acci\u00f3n penal p\u00fablica de conformidad con las normas legales vigentes, aplicando criterios de oportunidad y soluciones alternativas en los casos legalmente autorizados.<\/li>\n \t<li> Promover la acci\u00f3n penal ante los tribunales competentes, preparando los casos que ser\u00e1n objeto de juicio y resolviendo los restantes seg\u00fan corresponda.<\/li>\n \t<li> Dirigir a la polic\u00eda de investigaciones y a cualquier organismo de seguridad en lo relativo a la investigaci\u00f3n de todos los delitos de acci\u00f3n p\u00fablica salvo los que dependan de instancia de parte.<\/li>\n \t<li> Asesorar a la v\u00edctima del delito.<\/li>\n \t<li> Procurar la protecci\u00f3n de denunciante, v\u00edctimas y testigos en coordinaci\u00f3n con otras agencias del Estado.<\/li>\n \t<li> Intervenir en la etapa de ejecuci\u00f3n de la pena, conforme lo establezca la legislaci\u00f3n procesal respectiva. <\/li>\n \t<li> Promover la cooperaci\u00f3n nacional e internacional ante la criminalidad organizada o investigaciones complejas.<\/li>\n<\/ol>\n<\/div><\/div><\/div><\/div><div id=\"pg-62-5\"  class=\"panel-grid panel-no-style\" ><div id=\"pgc-62-5-0\"  class=\"panel-grid-cell\" ><div id=\"panel-62-5-0-0\" class=\"widget_text so-panel widget widget_custom_html panel-first-child panel-last-child\" data-index=\"6\" ><div class=\"textwidget custom-html-widget\"><h1>Intervenci\u00f3n en cuestiones no penales: <\/h1>\n<\/br>\n<ol>\n\t<li> <u>Cuestiones contenciosos administrativas:<\/u> <\/br> Tienen competencia en esta materia un Procurador Adjunto y dos Fiscales de Coordinaci\u00f3n con jurisdicci\u00f3n en Paran\u00e1 y Concepci\u00f3n del Uruguay<\/li>\n \t<li> <u> Procesos Constitucionales <a href=\"http:\/\/www.jusentrerios.gov.ar\/biblioteca\/ley-8-369-b-o-41090-procedimientos-constitucionales\/\" > (Ley 8369) <\/u>  <\/a> : <\/br> Se interviene en acciones de amparo y acciones de inconstitucionalidad previstas en la ley.<\/li>\n \t<li><u> Procedimientos Civiles:<\/u> <\/br> Un Fiscal General y Fiscales de cada jurisdicci\u00f3n tienen competencia en materia civil en causas en que se encuentre en juego el inter\u00e9s p\u00fablico.<\/li>\n<\/ol><\/div><\/div><\/div><\/div><div id=\"pg-62-6\"  class=\"panel-grid panel-no-style\" ><div id=\"pgc-62-6-0\"  class=\"panel-grid-cell\" ><div id=\"panel-62-6-0-0\" class=\"widget_text so-panel widget widget_custom_html panel-first-child panel-last-child\" data-index=\"7\" ><div class=\"textwidget custom-html-widget\"><h1>Remuneraci\u00f3n de Funcionarios: <\/h1>\n<br>\n<ol>\n\t<li> <u><a href=\"..\/wp-content\/uploads\/estadistica\/escala_salarial_2021_feb.pdf\" target=\"_blank\" rel=\"noopener noreferrer\">Escala Salarial - Ministerio P\u00fablico Fiscal Entre R\u00edos -\nValores vigentes desde el 01\/Feb\/21 <\/a><\/u> <\/li>\n\n<\/ol>\n<\/div><\/div><\/div><\/div><\/div>","protected":false},"excerpt":{"rendered":"<div class=\"slide-text-bg2\"><span>\u00bfQu\u00e9 es el Ministerio P\u00fablico? Es un \u00f3rgano aut\u00f3nomo en sus funciones, siendo parte integrante del Poder Judicial. Se compone de dos ramas independien<\/span><\/div>\n<div class=\"slide-btn-area-sm\"><a href=\"https:\/\/mpf.jusentrerios.gov.ar\/?page_id=62\" class=\"slide-btn-sm\">Leer m\u00e1s<\/a><\/div>\n","protected":false},"author":1,"featured_media":0,"parent":0,"menu_order":0,"comment_status":"closed","ping_status":"closed","template":"fullwidth.php","meta":[],"_links":{"self":[{"href":"https:\/\/mpf.jusentrerios.gov.ar\/index.php?rest_route=\/wp\/v2\/pages\/62"}],"collection":[{"href":"https:\/\/mpf.jusentrerios.gov.ar\/index.php?rest_route=\/wp\/v2\/pages"}],"about":[{"href":"https:\/\/mpf.jusentrerios.gov.ar\/index.php?rest_route=\/wp\/v2\/types\/page"}],"author":[{"embeddable":true,"href":"https:\/\/mpf.jusentrerios.gov.ar\/index.php?rest_route=\/wp\/v2\/users\/1"}],"replies":[{"embeddable":true,"href":"https:\/\/mpf.jusentrerios.gov.ar\/index.php?rest_route=%2Fwp%2Fv2%2Fcomments&post=62"}],"version-history":[{"count":3,"href":"https:\/\/mpf.jusentrerios.gov.ar\/index.php?rest_route=\/wp\/v2\/pages\/62\/revisions"}],"predecessor-version":[{"id":1900,"href":"https:\/\/mpf.jusentrerios.gov.ar\/index.php?rest_route=\/wp\/v2\/pages\/62\/revisions\/1900"}],"wp:attachment":[{"href":"https:\/\/mpf.jusentrerios.gov.ar\/index.php?rest_route=%2Fwp%2Fv2%2Fmedia&parent=62"}],"curies":[{"name":"wp","href":"https:\/\/api.w.org\/{rel}","templated":true}]}}