{"id":310,"date":"2018-05-24T06:16:58","date_gmt":"2018-05-24T09:16:58","guid":{"rendered":"http:\/\/mpf.jusentrerios.gov.ar\/?page_id=310"},"modified":"2020-01-02T08:32:02","modified_gmt":"2020-01-02T11:32:02","slug":"leyes","status":"publish","type":"page","link":"https:\/\/mpf.jusentrerios.gov.ar\/?page_id=310","title":{"rendered":"Leyes"},"content":{"rendered":"<table>\n<tbody>\n<tr>\n<td>\n\t\t\t\t<strong>Ley 10.407 &#8211; Ministerio P\u00fablico<\/strong><\/td>\n<td>\n\t\t\t\tDescargar:&nbsp; <a href=\"..\/wp-content\/uploads\/leyes\/ley10407.pdf\" target=\"_blank\" rel=\"noopener noreferrer\"><img alt=\"\" class=\"img-responsive\" src=\"..\/wp-content\/uploads\/footer\/pdf.png\" \/><\/a>&nbsp;&nbsp;<\/span><\/td>\n<\/tr>\n<tr>\n<td>\n\t\t\t\t<strong>Constituci\u00f3n de Entre R\u00edos<\/strong><\/td>\n<td>\n\t\t\t\tDescargar:&nbsp; <a href=\"..\/wp-content\/uploads\/leyes\/constitucioner.pdf\" target=\"_blank\" rel=\"noopener noreferrer\"><img alt=\"\" class=\"img-responsive\" src=\"..\/wp-content\/uploads\/footer\/pdf.png\" \/><\/a>&nbsp;&nbsp;<\/span><\/td>\n<\/tr>\n<tr>\n<td>\n\t\t\t\t<strong>Codigo Penal<\/strong><\/td>\n<td>\n\t\t\t\tDescargar:&nbsp; <a href=\"http:\/\/servicios.infoleg.gob.ar\/infolegInternet\/anexos\/15000-19999\/16546\/texact.htm\" target=\"_blank\" rel=\"noopener noreferrer\"><img alt=\"\" class=\"img-responsive\" src=\"..\/wp-content\/uploads\/footer\/pdf.png\" \/><\/a>&nbsp;&nbsp;<\/span><\/td>\n<\/tr>\n<tr>\n<td>\n\t\t\t\t<strong>Ley 10.566 &#8211; Narcomenudeo<\/strong><\/td>\n<td>\n\t\t\t\tDescargar:&nbsp; <a href=\"..\/wp-content\/uploads\/leyes\/ley10566.pdf\" target=\"_blank\" rel=\"noopener noreferrer\"><img alt=\"\" class=\"img-responsive\" src=\"..\/wp-content\/uploads\/footer\/pdf.png\" \/><\/a>&nbsp;&nbsp;<\/span><\/td>\n<\/tr>\n<\/tbody>\n<\/table>\n","protected":false},"excerpt":{"rendered":"<div class=\"slide-text-bg2\"><span>Ley 10.407 &#8211; Ministerio P\u00fablico Descargar:&nbsp; &nbsp;&nbsp; Constituci\u00f3n de Entre R\u00edos Descargar:&nbsp; &nbsp;&nbsp; Codigo Penal Descargar:&#038;nbs<\/span><\/div>\n<div class=\"slide-btn-area-sm\"><a href=\"https:\/\/mpf.jusentrerios.gov.ar\/?page_id=310\" class=\"slide-btn-sm\">Leer m\u00e1s<\/a><\/div>\n","protected":false},"author":1,"featured_media":0,"parent":0,"menu_order":0,"comment_status":"closed","ping_status":"closed","template":"fullwidth.php","meta":[],"_links":{"self":[{"href":"https:\/\/mpf.jusentrerios.gov.ar\/index.php?rest_route=\/wp\/v2\/pages\/310"}],"collection":[{"href":"https:\/\/mpf.jusentrerios.gov.ar\/index.php?rest_route=\/wp\/v2\/pages"}],"about":[{"href":"https:\/\/mpf.jusentrerios.gov.ar\/index.php?rest_route=\/wp\/v2\/types\/page"}],"author":[{"embeddable":true,"href":"https:\/\/mpf.jusentrerios.gov.ar\/index.php?rest_route=\/wp\/v2\/users\/1"}],"replies":[{"embeddable":true,"href":"https:\/\/mpf.jusentrerios.gov.ar\/index.php?rest_route=%2Fwp%2Fv2%2Fcomments&post=310"}],"version-history":[{"count":0,"href":"https:\/\/mpf.jusentrerios.gov.ar\/index.php?rest_route=\/wp\/v2\/pages\/310\/revisions"}],"wp:attachment":[{"href":"https:\/\/mpf.jusentrerios.gov.ar\/index.php?rest_route=%2Fwp%2Fv2%2Fmedia&parent=310"}],"curies":[{"name":"wp","href":"https:\/\/api.w.org\/{rel}","templated":true}]}}