{"id":1423,"date":"2020-08-13T10:48:51","date_gmt":"2020-08-13T13:48:51","guid":{"rendered":"http:\/\/mpf.jusentrerios.gov.ar\/?page_id=1423"},"modified":"2020-08-14T13:30:48","modified_gmt":"2020-08-14T16:30:48","slug":"camscanner","status":"publish","type":"page","link":"https:\/\/mpf.jusentrerios.gov.ar\/?page_id=1423","title":{"rendered":"Aplicaciones \u00fatiles"},"content":{"rendered":"<div class=\"container\">\n<div class=\"row\">\n<h3>Aplicaciones \u00fatiles<\/h3>\n<p><strong> Instalaci\u00f3n y uso de aplicaciones para digitalizar documentos<\/strong><\/p>\n<hr><\/div>\n<p><!--.row --><\/p>\n<p><\/p><\/div>\n<p><!--.\/container --><\/p>\n<div class=\"container\">\n<div class=\"row\">\n<div class=\"col-md-4\">\n<h4>Camscanner<\/h4>\n<p>Es una aplicaci\u00f3n multiplataforma que te permite usar la c\u00e1mara de tu Smartphone como escaner port\u00e1til de documentos para luego digitalizarlos como JPG o PDF.<\/p>\n<p>Este v\u00eddeo muestra como instalarlo en un dispositivo Andriod a trav\u00e9s de PlayStore y compartir el archivo por Whatsapp.<\/p>\n<p><img loading=\"lazy\" class=\"img-responsive center-block\" src=\"http:\/\/mpf.jusentrerios.gov.ar\/wp-content\/uploads\/img\/foto.png\" alt=\"tv\" width=\"100\" height=\"273\"><\/p>\n<p><small>Sitio Web: <a href=\"https:\/\/www.camscanner.com\/\" target=\"_blank\" rel=\"noopener noreferrer\">Camscanner<\/a><br><strong>Descarga:<\/strong><br><strong><mark>GooglePlay<\/mark><\/strong> <a href=\"https:\/\/play.google.com\/store\/apps\/details?id=com.intsig.camscanner&amp;hl=es_AR\">Para dispositivos Andriod<\/a><\/small><br><small><strong><mark>App Store<\/mark><\/strong> <a href=\"https:\/\/itunes.apple.com\/ar\/app\/camscanner\/id388627783?mt=8\">Para dispositivos iOS<\/a><\/small><\/p>\n<p><\/p><\/div>\n<p><!--.col --><\/p>\n<div class=\"col-md-8\">\n<div class=\"vid\"><iframe loading=\"lazy\" src=\"https:\/\/www.youtube.com\/embed\/0r8_hAS9nAs?ecver=2\" width=\"560\" height=\"315\" allowfullscreen=\"allowfullscreen\"><\/iframe><\/div>\n<p><!--.\/vid --><\/p>\n<p><\/p><\/div>\n<p><!--.col --><\/p>\n<p><\/p><\/div>\n<p><!--.\/row --><\/p>\n<p><\/p><\/div>\n<p><!--.\/container --><\/p>\n<hr>\n<div class=\"container\">\n<div class=\"row\">\n<div class=\"col-md-4\">\n<h4>SimpleScan<\/h4>\n<p>Esta aplicaci\u00f3n es una alternativa a CamScanner. Disponible solo para Android.<\/p>\n<p><img loading=\"lazy\" class=\"img-responsive center-block\" src=\"http:\/\/mpf.jusentrerios.gov.ar\/wp-content\/uploads\/img\/simplescanner.png\" alt=\"tv\" width=\"100\" height=\"273\"><\/p>\n<p><strong>Descarga:<\/strong><br><small> <strong><mark>GooglePlay<\/mark><\/strong> <a href=\"https:\/\/play.google.com\/store\/apps\/details?id=com.simplescan.scanner&amp;hl=es_AR\">Para dispositivos Andriod<\/a><\/small><\/p>\n<p><\/p><\/div>\n<p><!--.col --><\/p>\n<div class=\"col-md-8\">\n<div class=\"vid\"><iframe loading=\"lazy\" src=\"https:\/\/www.youtube.com\/embed\/4NmgQVUJ7oY?ecver=2\" width=\"560\" height=\"315\" allowfullscreen=\"allowfullscreen\"><\/iframe><\/div>\n<p><\/p><\/div>\n<p><!--.col --><\/p>\n<p><\/p><\/div>\n<p><!--.\/row --><\/p><\/div>\n\n\n<p><\/p>\n","protected":false},"excerpt":{"rendered":"<div class=\"slide-text-bg2\"><span>Aplicaciones \u00fatiles Instalaci\u00f3n y uso de aplicaciones para digitalizar documentos Camscanner Es una aplicaci\u00f3n multiplataforma que te permite usar la c?<\/span><\/div>\n<div class=\"slide-btn-area-sm\"><a href=\"https:\/\/mpf.jusentrerios.gov.ar\/?page_id=1423\" class=\"slide-btn-sm\">Leer m\u00e1s<\/a><\/div>\n","protected":false},"author":3,"featured_media":0,"parent":0,"menu_order":0,"comment_status":"closed","ping_status":"closed","template":"fullwidth.php","meta":[],"_links":{"self":[{"href":"https:\/\/mpf.jusentrerios.gov.ar\/index.php?rest_route=\/wp\/v2\/pages\/1423"}],"collection":[{"href":"https:\/\/mpf.jusentrerios.gov.ar\/index.php?rest_route=\/wp\/v2\/pages"}],"about":[{"href":"https:\/\/mpf.jusentrerios.gov.ar\/index.php?rest_route=\/wp\/v2\/types\/page"}],"author":[{"embeddable":true,"href":"https:\/\/mpf.jusentrerios.gov.ar\/index.php?rest_route=\/wp\/v2\/users\/3"}],"replies":[{"embeddable":true,"href":"https:\/\/mpf.jusentrerios.gov.ar\/index.php?rest_route=%2Fwp%2Fv2%2Fcomments&post=1423"}],"version-history":[{"count":16,"href":"https:\/\/mpf.jusentrerios.gov.ar\/index.php?rest_route=\/wp\/v2\/pages\/1423\/revisions"}],"predecessor-version":[{"id":1462,"href":"https:\/\/mpf.jusentrerios.gov.ar\/index.php?rest_route=\/wp\/v2\/pages\/1423\/revisions\/1462"}],"wp:attachment":[{"href":"https:\/\/mpf.jusentrerios.gov.ar\/index.php?rest_route=%2Fwp%2Fv2%2Fmedia&parent=1423"}],"curies":[{"name":"wp","href":"https:\/\/api.w.org\/{rel}","templated":true}]}}