{"id":1269,"date":"2020-06-24T12:08:06","date_gmt":"2020-06-24T15:08:06","guid":{"rendered":"http:\/\/mpf.jusentrerios.gov.ar\/?page_id=1269"},"modified":"2025-04-01T08:51:55","modified_gmt":"2025-04-01T11:51:55","slug":"1269-2","status":"publish","type":"page","link":"https:\/\/mpf.jusentrerios.gov.ar\/?page_id=1269","title":{"rendered":"Dict\u00e1menes de inter\u00e9s"},"content":{"rendered":"\n<script src=\"\/\/maxcdn.bootstrapcdn.com\/bootstrap\/3.3.0\/js\/bootstrap.min.js\"><\/script>\n<script src=\"\/\/code.jquery.com\/jquery-1.11.1.min.js\"><\/script>\n\n\n<div class=\"container mt-4\">\n    <h4 class=\"text-center mb-4\">\n        LAS AUDIENCIAS VIDEOGRABADAS FUERON EDITADAS POR LO QUE SOLO OBRA EL\n        DICTAMEN REALIZADO VERBALMENTE POR EL PROCURADOR DE LA PROVINCIA EN LAS\n        AUDIENCIAS RESPECTIVAS\n    <\/h4>\n    <div class=\"row\">&nbsp;<\/div>\n<\/div>\n\n<div class=\"container\" style=\"width: auto; padding-left: 50px; padding-right: 50px\">\n    <div id=\"accordion\" class=\"panel-group\">\n\n        <script>\n            \/\/ Modificaciones\n            \/\/ Cambio: 17\/03\/2024 lcanavesio - Agregado destacado y orden. Modificar For al final cuando se llama a createPanel\n            \/\/ Cambio: 06\/05\/2023 lcanavesio - Agregado panelsData para agregar items mas facilmente sin repetir html\n            \/\/ Cambio: 15\/10\/2024 anoro - Convirtiendo destacado en un objeto, en vez de un array. Agregando name a los pdfs\n\n            function createPanel(title, videoUrls, pdfUrls, index, isHighlighted) {\n                const panelId = `collapse${index}`; \/\/ Genera un ID \u00fanico para cada colapso\n                let pdfContent = \"\";\n                let videoContent = \"\";\n\n                const titleStyle = isHighlighted ? \"font-weight: bold;\" : \"\";\n\n                \/\/ Agrega el icono de estrella si el panel est\u00e1 destacado\n                const starIcon = isHighlighted ? \"\u2b50\" : \"\";\n\n                if (pdfUrls && pdfUrls.length > 0) {\n                    pdfContent = pdfUrls\n                        .map((pdfUrl, pdfIndex) => {\n                            return `\n                                <div>\n                                    <img loading=\"lazy\" style=\"vertical-align: middle;\" src=\"..\/wp-content\/uploads\/2019\/causas\/pdf.png\" width=\"50\" height=\"50\">\n                                    <a href=\"${pdfUrl.url}\" target=\"_blank\" rel=\"noopener noreferrer\">${pdfIndex + 1} - ${pdfUrl.name ? pdfUrl.name : 'PDF'} <\/a>\n                                <\/div>`;\n                        })\n                        .join(\"<br>\");\n                }\n\n                if (videoUrls && videoUrls.length > 0) {\n                    videoContent = videoUrls\n                        .map((videoUrl, videoIndex) => {\n                            return `\n                                <div>\n                                    <iframe loading=\"lazy\" src=\"${videoUrl}\" width=\"560\" height=\"350\" frameborder=\"0\" allowfullscreen=\"allowfullscreen\"><\/iframe>\n                                <\/div>`;\n                        })\n                        .join(\"<br>\");\n                }\n\n                return `\n                     <div class=\"panel panel-default\">\n                         <div class=\"panel-heading\">\n                             <div class=\"right-arrow pull-right\">+<\/div>\n                          <p>${starIcon}<a href=\"#${panelId}\" data-toggle=\"collapse\" data-parent=\"#accordion\" style=\"${titleStyle}\">${title}<\/a><\/p>\n                         <\/div>\n                         <div id=\"${panelId}\" class=\"panel-collapse collapse\">\n                             <div class=\"panel-body\">\n                                 ${pdfContent}\n                                 ${videoContent}\n                             <\/div>\n                         <\/div>\n                     <\/div>\n                    `;\n            }\n\n            const panelsData = [\n                {\n                    title:\n                        \"ACU\u00d1A, NESTOR DAVID-DOBLE HOMICIDIO AGRAVADO Y RESISTENCIA A LA AUTORIDAD EN CONCURSO REAL, s\/IMPUGNACION EXTRAORDINARIA FEDERAL, expte.5036\",\n                    pdfUrls: [{ url: \"..\/wp-content\/uploads\/2021\/dictamenes\/Dictamen_ACU\u00d1A.pdf\" }]\n                },\n                {\n                    title:\n                        \"ACTIS, PABLO GABRIEL - HOMICIDIO AGRAVADO POR EL VINCULO Y POR TRATARSE LA VICTIMA DE UNA MUJER EN SITUACI\u00d3N DE VIOLENCIA DE G\u00c9NERO S\/IMPUGNACION EXTRAORDINARIA - 26\/11\/2018\",\n                    videoUrls: [\"https:\/\/www.youtube.com\/embed\/YyVQZjmnhgY\"]\n                },\n                {\n                    title:\n                        \"BARREIRO RICARDO FABIAN - FALSIFICACI\u00d3N IDEOL\u00d3GICA S\/ IMPUGNACI\u00d3N EXTRAORDINARIA\",\n                    pdfUrls: [{ url: \"..\/wp-content\/uploads\/2021\/dictamenes\/Barreiro.pdf\" }]\n                },\n                {\n                    title:\n                        \"BENITEZ AGUSTIN O.R. - HOMICIDIO SIMPLE- S\/ EJECUCION DE PENA\",\n                    pdfUrls: [{ url: \"..\/wp-content\/uploads\/2020\/dictamenes\/BENITEZ_AGUSTIN.pdf\" }]\n                },\n                {\n                    title: \"CABRAL PATRICIA FABIANA - HOMICIDIO Y LESIONES LEVES\",\n                    videoUrls: [\"https:\/\/www.youtube.com\/embed\/VjZ0c_baoCI\"]\n                },\n                {\n                    title:\n                        \"COLAZO, DANIEL E. \u2013 HOMICIDIO SIMPLE AGRAV. POR EL EMPLEO DE UN ARMA DE FUEGO DE USO CIVIL \u2013 RECURSO DE CASACION \u2013 S\/IMPUGNACIO EXTRAORDINARIA - 22\/08\/2018\",\n\n                    videoUrls: [\"https:\/\/www.youtube.com\/embed\/9P0QiDNn6TY\"]\n                },\n                {\n                    title:\n                        \"CASTRO, MARIO ALBERTO S- HOMICIDIO SIMPLE EN GRADO DE TENTATIVA EN CONCURSO REAL (DOS HECHOS) S\/RECURSO DE CASACION\",\n\n                    pdfUrls: [\n                        { url: \"..\/wp-content\/uploads\/2020\/dictamenes\/CASTRO_MARIO_ALBERTO.pdf\" }]\n                },\n                {\n                    title: \"DARRICHON JUAN CARLOS - 02\/10\/2023\",\n\n                    pdfUrls: [{ url: \"..\/wp-content\/uploads\/2023\/darrichon-04102023.pdf\" }]\n                },\n                {\n                    title:\n                        \"DUARTE ROBERTO MARTIN - ZAPATA LUIS PABLO - ZAPATA MARIANA NOEMI Y GODOY LUJAN RAUL SEVERIDADES - 28\/11\/2017\",\n\n                    videoUrls: [\"https:\/\/www.youtube.com\/embed\/GpkbJ0pQZ8g\"]\n                },\n                {\n                    title:\n                        \"FIGUEIREDO GABRIEL S- IMPUGNACI\u00d3N ALEJANDRO - EJECUCI\u00d3N DE PENAS EXTRAORDINARIA. S\/ EJECUCI\u00d3N DE PENAS\",\n\n                    pdfUrls: [{ url: \"..\/wp-content\/uploads\/2020\/dictamenes\/Figueiredo.pdf\" }]\n                },\n                {\n                    title:\n                        \"GARCIA JORGE AMILCAR LUCIANO -Procurador general de la Provincia de Entre R\u00edos- Denuncia en su contra formulada por el Dr. CARLOS GUILLERMO REGGIARDO\",\n\n                    pdfUrls: [{\n                        url:\n                            \"..\/wp-content\/uploads\/2021\/dictamenes\/DENUNCIA_PRESENTADAcontest juicpolitII.pdf\"\n                    }]\n                },\n                {\n                    title:\n                        \"GOYENECHE CECILIA ANDREA Procuradora Adjunta y Fiscal Anticorrupci\u00f3n de la Provincia de Entre R\u00edos Denuncia en su contra formulada por el Dr. CARLOS GUILLERMO REGGIARDO y acumulado \u201cGOYENECHE C. S\/ ADMINISTRATIVO\",\n\n                    pdfUrls: [{ url: \"..\/wp-content\/uploads\/2021\/dictamenes\/REC-EXT-INCONST.PDF\" }]\n                },\n                {\n                    title:\n                        \"HARARI, MAR\u00cdA VALERIA Y OTROS C\/ ESTADO PROVINCIAL S\/ ACCION DE INCONSTITUCIONALIDAD\",\n                    pdfUrls: [{ url: \"https:\/\/drive.google.com\/file\/d\/1IODusMJEgToazcwz8ThRwNdjo_VaWTNR\/view?usp=sharing\" }]\n                },\n                {\n                    title:\n                        \"ILARRAZ, JUSTO JOS\u00c9 - PROMOCION A LA CORRUPCI\u00d3N DE MENORES AGRAVADA POR SER ENCARGADO DE LA EDUCACI\u00d3N Y ABUSO DESHONESTO AGRAVADO POR SER ENCARGADO DE LA EDUCACI\u00d3N S\/ IMPUGNACION EXTRAORDINARIA - 02\/03\/2020\",\n\n                    videoUrls: [\"https:\/\/www.youtube.com\/embed\/0WejkCveypY\"]\n                },\n                {\n                    title: \"LARROCCA JULIO CESAR; LARROCCA RUIZ MARCELO ALCIDES; TERENZANO FABIAN RUBEN; IRIBARREN JOSE LUIS; FILSINGER ROMINA ELIZABETH; GALARZA LEONARDO DANIEL -PECULADO EN CONCURSO IDEAL. S\/ IMPUGNACION EXTRAORDINARIA\",\n                    pdfUrls: [{ url: \"..\/wp-content\/uploads\/2024\/DictamenProcuradorGeneralRex.PDF\" }]\n                },\n                {\n                    title:\n                        \"LARROSA CRISTIAN ALEJANDRO S- ROBO CON ARMA DE FUEGO CUYA APTITUD PARA EL DISPARO NO HA PODIDO ACREDITARSE S- RECURSO DE CASACION S\/IMPUGNACION EXTRAORDINARIA\",\n\n                    pdfUrls: [{ url: \"..\/wp-content\/uploads\/2020\/dictamenes\/LARROSA_CRISTIAN.pdf\" }]\n                },\n                {\n                    title:\n                        \"MAJUL JULIO JESUS Y OTROS SOLICITUD DE NO OFICIALIZACION DE CANDIDATURA Y\/O IMPUGNACION DE OFICIALIZACION DE CANDIDATURA DEL SR.MAURICIO GERMAN DAVICO S- PROCESOS ADMINISTRATIVOS - S- APELACION. S\/ TRIBUNAL ELECTORAL\",\n\n                    pdfUrls: [{ url: \"..\/wp-content\/uploads\/2023\/majul-04102023.pdf\" }]\n                },\n                {\n                    title:\n                        \"MARTINEZ, JORGE NICOL\u00c1S S-HOMICIDIO AGRAVADO POR TRATARSE DE UNA EX PAREJA Y HABERSE PERPETRADO EN UN CONTEXTO DE VIOLENCIA DE G\u00c9NERO -FEMICIDIO- S-RECURSO DE CASACI\u00d3N S\/RECURSO DE QUEJA\",\n                    pdfUrls: [{ url: \"..\/wp-content\/uploads\/2022\/09\/Martinez.pdf\" }]\n                },\n                {\n                    title:\n                        \"MAYNARD SILVERIO JORGE S\/ ACCION DE REVISION\",\n                    pdfUrls: [{ url: \"..\/wp-content\/uploads\/2025\/MAYNARD_SILVERIO_JORGE.PDF\" }],\n                    destacado: true,\n                },\n                {\n                    title:\n                        \"PETIZCO HECTOR OSCAR PETIZCO JONATHAN ISMAEL Y NU\u00d1EZ FLOREANA LETICIA - HOMICIDIO EN RI\u00d1A EN PREJUICIO DE GONZALO ACEVEDO Y LESIONES GRAVES EN RI\u00d1A EN PREJUICIO DE WALTER D. QUIROGA S\/ RECURSO DE CASACION\",\n                    pdfUrls: [{ url: \"..\/wp-content\/uploads\/2020\/dictamenes\/Petizco.pdf\" }]\n                },\n                {\n                    title: \"SALEM SEBASTIAN EDUARDO - JUEZ DE PAZ DE LA CIUDAD DE GUALEGUAY - DENUNCIA EN SU CONTRA FORMULADA POR EL EXCMO. SUPERIOR TRIBUNAL DE JUSTICIA DE E.R.\",\n                    videoUrls: [\"https:\/\/www.youtube.com\/embed\/WHA2jXrcm8Y\"]\n                },\n                {\n                    title: \"SCHUSTER MARCELO MARTIN - ABUSO SEXUAL SIMPLE AGRAVADO POR SER ASCENDIENTE Y POR APROVECHAMIENTO DE UNA SITUACI\u00d3N DE CONVIVENCIA S\/ RECURSO\",\n                    pdfUrls: [{ url: \"..\/wp-content\/uploads\/2021\/dictamenes\/Dictamen_Schuster.pdf\" }]\n                },\n                {\n                    title: \"SILVA MAR\u00cdA ESTEFAN\u00cdA YANINA - DIAZ, MIRTA PATRICIA S- ESTAFAS REITERADAS, ESTAFA EN GRADO DE TENTATIVA Y RESISTENCIA A LA AUTORIDAD S\/ RECURSO DE QUEJA\",\n                    pdfUrls: [{ url: \"..\/wp-content\/uploads\/2019\/causas\/pdf.png\" }]\n                },\n                {\n                    title: \"SILVA ROSENDO ARMANDO FRANCISCO S- ABUSO SEXUAL GRAVEMENTE ULTRAJANTE CON ACCESO CARNAL . S\/ RECURSO DE QUEJA\/REC.EXTRAORDINARIO FEDERAL\",\n                    pdfUrls: [{ url: \"..\/wp-content\/uploads\/2020\/dictamenes\/SILVA.pdf\" }]\n                },\n                {\n                    title: \"S.N.T. -SU DENUNCIA- S\/IMPUGNACION EXTRAORDINARIA\",\n                    pdfUrls: [{ url: \"..\/wp-content\/uploads\/2021\/dictamenes\/S.N.T.-su_denuncia_s-Impugnaci\u00f3n_extraordinaria.pdf\" }]\n                },\n                {\n                    title: \"TAMAY CARLOS ALBERTO - ABUSO SEXUAL CON ACCESO CARNAL S\/RECURSO DE CASACION\",\n                    pdfUrls: [{ url: \"..\/wp-content\/uploads\/2020\/dictamenes\/TAMAY_CARLOS_ALBERTO.PDF\" }],\n                    videoUrls: [\"https:\/\/www.youtube.com\/embed\/Pv84rkS-vHA\"]\n                },\n                {\n                    title: \"TREPPO, ALVARO CRISTIAN S\/FALSO TESTIMONIO S\/ RECURSO DE CASACI\u00d3N\u201d Exp. N\u00ba 1541\/20\",\n                    pdfUrls: [{ url: \"..\/wp-content\/uploads\/2021\/dictamenes\/Dictamen_MPF_Treppo.pdf\" }]\n                },\n                {\n                    title: \"URRIBARRI SERGIO DANIEL S\/SU DENUNCIA - OGA S\/ TESTIMONIOS (venido de la Justicia Federal)\",\n                    pdfUrls: [{ url: \"..\/wp-content\/uploads\/2024\/271728_DESESTIMACION.pdf\", name: \"Desestimaci\u00f3n fiscal\" }, { url: \"..\/wp-content\/uploads\/2024\/Confirma_desestimacion_Urribarri.pdf\", name: \"Confirmaci\u00f3n del Fiscal Coordinador\" }],\n                   \n                },\n                {\n                    title: \"URRIBARRI, Sergio Daniel - CARDONA HERRERO, Diego A.- FESSIA, Miriam Estela, LINARES Guillermo Andres- NEGOCIACIONES INCOMPATIBLES CON EL EJERCICIO DE LA FUNCI\u00d3N P\u00daBLICA - RECURSO DE QUEJA\",\n                    pdfUrls: [{ url: \"..\/wp-content\/uploads\/2023\/Urribarri.pdf\" }, { url: \"..\/wp-content\/uploads\/2023\/ADVIERTE_SITUACION_INHIBICION.pdf\" }]\n                },\n                {\n                    title: \"VERON FIDEL ERNESTO - ESTAFA S\/RECURSO DE CASACION\",\n                    pdfUrls: [{ url: \"..\/wp-content\/uploads\/2020\/dictamenes\/VERON_FIDEL_ERNESTO.pdf\" }]\n                },\n                {\n                    title: \"ZARAGOZA, CARLOS DANIEL Y OTROS - SEDICI\u00d3N AGRAVADA Y OTROS S\/IMPUGNACION EXTRAORDINARIA - REC. EXTRAORDINARIO\",\n                    videoUrls: [\"https:\/\/www.youtube.com\/embed\/NHkQvDjBB5c\", \"https:\/\/www.youtube.com\/embed\/KPjFm8Osv-k\"]\n                },\n                {\n                    title: \"ZARAGOZA SERGIO ALBERTO S-ABUSO SEXUAL CON ACCESO CARNAL S-RECURSO DE CASACION S\/ RECURSO\",\n                    pdfUrls: [{ url: \".\/wp-content\/uploads\/2020\/dictamenes\/Zaragoza.pdf\" }]\n\n                }\n\n            ];\n\n            \/\/ Encontrar panel destacado\n            const destacado = panelsData.find(panel => panel.destacado);\n\n            const accordion = document.getElementById(\"accordion\");\n\n            \/\/ Modificar el 2do For para que cambie el indice de comienzo al agregar mas destacados\n            \/\/ Imprimir los 1 paneles destacados con t\u00edtulo \"Destacadas\"\n            if (destacado) {\n                const panelHtml = createPanel(\n                    `\u00daltimo agregado: ${destacado.title}`,\n                    destacado.videoUrls,\n                    destacado.pdfUrls,\n                    0,\n                    true\n                );\n                accordion.innerHTML += panelHtml;\n            }\n            \n            \/\/ Imprimir los dem\u00e1s paneles como antes\n            for (let i = 0; i < panelsData.length; i++) {\n                if (!panelsData[i].destacado) {\n                    const panelHtml = createPanel(\n                        panelsData[i].title,\n                        panelsData[i].videoUrls,\n                        panelsData[i].pdfUrls,\n                        i + 1,\n                        false\n                    );\n                    accordion.innerHTML += panelHtml;\n                }\n            }\n        <\/script>\n\n        <!-- Fin del bloque repetitivo -->\n    <\/div>\n<\/div>\n","protected":false},"excerpt":{"rendered":"<div class=\"slide-text-bg2\"><span>LAS AUDIENCIAS VIDEOGRABADAS FUERON EDITADAS POR LO QUE SOLO OBRA EL DICTAMEN REALIZADO VERBALMENTE POR EL PROCURADOR DE LA PROVINCIA EN LAS AUDIENCIAS RES<\/span><\/div>\n<div class=\"slide-btn-area-sm\"><a href=\"https:\/\/mpf.jusentrerios.gov.ar\/?page_id=1269\" class=\"slide-btn-sm\">Leer m\u00e1s<\/a><\/div>\n","protected":false},"author":1,"featured_media":0,"parent":0,"menu_order":0,"comment_status":"closed","ping_status":"closed","template":"fullwidth.php","meta":[],"_links":{"self":[{"href":"https:\/\/mpf.jusentrerios.gov.ar\/index.php?rest_route=\/wp\/v2\/pages\/1269"}],"collection":[{"href":"https:\/\/mpf.jusentrerios.gov.ar\/index.php?rest_route=\/wp\/v2\/pages"}],"about":[{"href":"https:\/\/mpf.jusentrerios.gov.ar\/index.php?rest_route=\/wp\/v2\/types\/page"}],"author":[{"embeddable":true,"href":"https:\/\/mpf.jusentrerios.gov.ar\/index.php?rest_route=\/wp\/v2\/users\/1"}],"replies":[{"embeddable":true,"href":"https:\/\/mpf.jusentrerios.gov.ar\/index.php?rest_route=%2Fwp%2Fv2%2Fcomments&post=1269"}],"version-history":[{"count":113,"href":"https:\/\/mpf.jusentrerios.gov.ar\/index.php?rest_route=\/wp\/v2\/pages\/1269\/revisions"}],"predecessor-version":[{"id":2967,"href":"https:\/\/mpf.jusentrerios.gov.ar\/index.php?rest_route=\/wp\/v2\/pages\/1269\/revisions\/2967"}],"wp:attachment":[{"href":"https:\/\/mpf.jusentrerios.gov.ar\/index.php?rest_route=%2Fwp%2Fv2%2Fmedia&parent=1269"}],"curies":[{"name":"wp","href":"https:\/\/api.w.org\/{rel}","templated":true}]}}